{"id":1845,"date":"2023-02-21T16:22:21","date_gmt":"2023-02-21T16:22:21","guid":{"rendered":"http:\/\/barcelonacitycentre.com\/home\/"},"modified":"2023-02-21T16:34:45","modified_gmt":"2023-02-21T16:34:45","slug":"home","status":"publish","type":"page","link":"https:\/\/barcelonacitycentre.com\/ca\/","title":{"rendered":"Home"},"content":{"rendered":"\n<h2>\n\t\tBARCELONA CITY CENTRE HOSTAL\n\t<\/h2>\n\t<h3>\n\t\t\t\t\tBenvingut al Barcelona City Centre!\n\t\t\t\t<\/h3>\n\t\t\t<p><strong>C\/ Balmes, 60, entlo.<\/strong><\/p>\n\t<strong>L&#8217;hostal Barcelona City Centre es troba en un enclavament privilegiat de Barcelona<\/strong> que us permetr\u00e0 estar a un pas de tot. Un allotjament al centre de Barcelona.\n<strong>A nom\u00e9s tres carrers de la Pla\u00e7a Catalunya, la Rambla o el barri g\u00f2tic; a dos carrers del Passeig de Gr\u00e0cia<\/strong> , el bus tur\u00edstic, la casa Batll\u00f3 de Gaud\u00ed i la ruta modernista. Viu a un minut a peu de totes les l\u00ednies de metro, tren i de l&#8217;autob\u00fas a l&#8217;aeroport.\nDorm al <strong>centre de la ciutat<\/strong> , al cor de l&#8217;Eixample, el barri senyorial de Barcelona, amb una complet\u00edssima oferta comercial, gastron\u00f2mica, de lleure&#8230; a nom\u00e9s 10 minuts del recinte firal de Montju\u00efc.\n\t\t\t\t<img decoding=\"async\" src=\"http:\/\/barcelonacitycentre.com\/wp-content\/uploads\/2020\/04\/barcelona_city_centre_hostal-5.jpg\" alt=\"Hostal Barcelona City center\" itemprop=\"image\"\/>\n\t<h3>\n\t\t\t\t\tsituat en ple centre de la ciutat!\n\t\t\t\t<\/h3>\n\t\t\t\t<img decoding=\"async\" src=\"http:\/\/barcelonacitycentre.com\/wp-content\/uploads\/2020\/04\/Plaza_Catalunya_Barcelona_centro.jpg\" alt=\"Pla\u00e7a Catalunya (Barcelona centre)\" itemprop=\"image\" title=\"Pla\u00e7a Catalunya (Barcelona centre)\" onerror=\"this.style.display='none'\"  \/>\n\t<h2>\n\t\t\t\t\tDorm al centre de Barcelona\n\t\t\t\t<\/h2>\n\t\t\t<p>El Barcelona City Centre \u00e9s un hostal a Barcelona que es troba en un enclavament privilegiat, al senyorial barri de l\u00b4Eixample barcelon\u00ed.<\/p>\n<p><strong>Dorm a nom\u00e9s tres carrers de la Pla\u00e7a Catalunya, la Rambla o el barri g\u00f2tic; a dos carrers del passeig de Gr\u00e0cia, el bus tur\u00edstic, la casa Batll\u00f3 de Gaud\u00ed i la ruta modernista. Desperta&#8217;t a un minut caminant de totes les l\u00ednies de metro, tren i autob\u00fas a l&#8217;aeroport.<\/strong><\/p>\n<p><strong> <\/strong><\/p>\n\t\t\t<a href=\"https:\/\/barcelonacitycentre.com\/ca\/com-arribar\/\" target=\"_self\" role=\"button\" rel=\"noopener\">\n\t\t\t\t\t\tDescobreix com arribar-hi!\n\t\t\t\t\t<\/a>\n\t<h2>\n\t\t\t\t\tConeix el nostre hostal\n\t\t\t\t<\/h2>\n\t\t\t<p>Estarem encantats de rebre&#8217;t per -com sempre- tractar de convertir la teva estada a Barcelona en una experi\u00e8ncia inoblidable.<\/p>\n\t\t\t\t<img loading=\"lazy\" decoding=\"async\" src=\"http:\/\/barcelonacitycentre.com\/wp-content\/uploads\/2023\/02\/cropped-centre.jpg\" alt=\"http:\/\/barcelonacitycentre.com\/wp-content\/uploads\/2023\/02\/cropped-centre.jpg\" itemprop=\"image\" height=\"228\" width=\"954\" onerror=\"this.style.display='none'\"  \/>\n\t\n            <div \n                class=\"elfsight-widget-instagram-feed elfsight-widget\" \n                data-elfsight-instagram-feed-options=\"%7B%22sourceType%22%3A%22personalAccount%22%2C%22apiChangesMessage%22%3Anull%2C%22source%22%3A%5B%22%40bcncityhotels%22%5D%2C%22personalAccessToken%22%3A%2295f23a98-dd80-40ff-a8be-e49d5577b1ab%22%2C%22businessAccessToken%22%3A%22%22%2C%22businessAccount%22%3Anull%2C%22businessHashtag%22%3A%22%23eiffeltower%22%2C%22filterOnly%22%3A%5B%5D%2C%22filterExcept%22%3A%5B%22https%3A%5C%2F%5C%2Fwww.instagram.com%5C%2Fp%5C%2FB9uvPuGhLIm%5C%2F%22%5D%2C%22limit%22%3A%22%22%2C%22order%22%3A%22date%22%2C%22layout%22%3A%22slider%22%2C%22postTemplate%22%3A%22tile%22%2C%22columns%22%3A6%2C%22rows%22%3A1%2C%22gutter%22%3A2%2C%22responsive%22%3A%5B%7B%22minWidth%22%3A375%2C%22columns%22%3A1%2C%22rows%22%3A1%2C%22gutter%22%3A%220%22%7D%2C%7B%22minWidth%22%3A768%2C%22columns%22%3A3%2C%22rows%22%3A2%2C%22gutter%22%3A%220%22%7D%5D%2C%22width%22%3A%22auto%22%2C%22callToActionButtons%22%3A%5B%7B%22postUrl%22%3A%22https%3A%5C%2F%5C%2Fwww.instagram.com%5C%2Fp%5C%2FBmr7eH0nyxQ%5C%2F%22%2C%22buttonLabel%22%3A%22Install%20Instagram%20Feed%20now%22%2C%22buttonLink%22%3A%22https%3A%5C%2F%5C%2Felfsight.com%5C%2Finstagram-feed-instashow%5C%2F%22%7D%2C%7B%22postUrl%22%3A%22https%3A%5C%2F%5C%2Fwww.instagram.com%5C%2Fp%5C%2FBmgZy5FnnQB%5C%2F%22%2C%22buttonLabel%22%3A%22Install%20Instagram%20Feed%20now%22%2C%22buttonLink%22%3A%22https%3A%5C%2F%5C%2Felfsight.com%5C%2Finstagram-feed-instashow%5C%2F%22%7D%2C%7B%22postUrl%22%3A%22https%3A%5C%2F%5C%2Fwww.instagram.com%5C%2Fp%5C%2FBmbbCfBndRU%5C%2F%22%2C%22buttonLabel%22%3A%22Install%20Instagram%20Feed%20now%22%2C%22buttonLink%22%3A%22https%3A%5C%2F%5C%2Felfsight.com%5C%2Finstagram-feed-instashow%5C%2F%22%7D%5D%2C%22postElements%22%3A%5B%22user%22%2C%22date%22%2C%22instagramLink%22%2C%22likesCount%22%2C%22commentsCount%22%2C%22share%22%2C%22text%22%5D%2C%22popupElements%22%3A%5B%22user%22%2C%22location%22%2C%22followButton%22%2C%22instagramLink%22%2C%22likesCount%22%2C%22share%22%2C%22text%22%2C%22comments%22%2C%22date%22%5D%2C%22imageClickAction%22%3A%22popup%22%2C%22sliderArrows%22%3Atrue%2C%22sliderDrag%22%3Atrue%2C%22sliderSpeed%22%3A0.59999999999999998%2C%22sliderAutoplay%22%3A%22%22%2C%22colorScheme%22%3A%22default%22%2C%22colorPostOverlayBg%22%3A%22rgb%28252%2C%20153%2C%200%29%22%2C%22colorPostOverlayText%22%3A%22rgb%28255%2C%20255%2C%20255%29%22%2C%22colorPostBg%22%3A%22rgb%28255%2C%20255%2C%20255%29%22%2C%22colorPostText%22%3A%22rgb%280%2C%200%2C%200%29%22%2C%22colorPostLinks%22%3A%22rgb%280%2C%2053%2C%20107%29%22%2C%22colorSliderArrows%22%3A%22rgb%28255%2C%20255%2C%20255%29%22%2C%22colorSliderArrowsBg%22%3A%22rgba%280%2C%200%2C%200%2C%200.9%29%22%2C%22colorGridLoadMoreButton%22%3A%22rgb%2856%2C%20151%2C%20240%29%22%2C%22colorPopupOverlay%22%3A%22rgba%2843%2C%2043%2C%2043%2C%200.9%29%22%2C%22colorPopupBg%22%3A%22rgb%28255%2C%20255%2C%20255%29%22%2C%22colorPopupText%22%3A%22rgb%280%2C%200%2C%200%29%22%2C%22colorPopupLinks%22%3A%22rgb%280%2C%2053%2C%20105%29%22%2C%22colorPopupFollowButton%22%3A%22rgb%2856%2C%20151%2C%20240%29%22%2C%22colorPopupCtaButton%22%3A%22rgb%2856%2C%20151%2C%20240%29%22%2C%22widgetTitle%22%3A%22Instagram%22%2C%22lang%22%3A%22es%22%2C%22apiUrl%22%3A%22https%3A%5C%2F%5C%2Fbarcelonacitycentre.com%5C%2Fca%5C%2Fwp-json%5C%2Felfsight-instagram-feed%5C%2Fapi%22%2C%22apiProxyUrl%22%3A%22https%3A%5C%2F%5C%2Fbarcelonacitycentre.com%5C%2Fca%5C%2Fwp-json%5C%2Felfsight-instagram-feed%22%2C%22widgetId%22%3A%221%22%7D\" \n                data-elfsight-instagram-feed-version=\"4.0.2\"\n                data-elfsight-widget-id=\"elfsight-instagram-feed-1\">\n            <\/div>\n            \n\t<iframe loading=\"lazy\" src=\"https:\/\/www.google.com\/maps\/embed?pb=!1m14!1m8!1m3!1d11973.142845015189!2d2.1624128!3d41.3896012!3m2!1i1024!2i768!4f13.1!3m3!1m2!1s0x0%3A0x72cd495f27c3cc51!2sBarcelona%20City%20Centre!5e0!3m2!1ses!2ses!4v1587130470538!5m2!1ses!2ses\" width=\"100%\" height=\"400\" frameborder=\"0\" allowfullscreen=\"\"><\/iframe>\n\n","protected":false},"excerpt":{"rendered":"<p>BARCELONA CITY CENTRE HOSTAL Benvingut al Barcelona City Centre! C\/ Balmes, 60, entlo. L&#8217;hostal Barcelona City Centre es troba en un enclavament privilegiat de Barcelona que us permetr\u00e0 estar a un pas de tot. Un allotjament al centre de Barcelona. A nom\u00e9s tres carrers de la Pla\u00e7a Catalunya, la Rambla o el barri g\u00f2tic; a [&hellip;]<\/p>\n","protected":false},"author":2,"featured_media":0,"parent":0,"menu_order":0,"comment_status":"closed","ping_status":"open","template":"","meta":{"site-sidebar-layout":"no-sidebar","site-content-layout":"page-builder","ast-site-content-layout":"default","site-content-style":"default","site-sidebar-style":"default","ast-global-header-display":"","ast-banner-title-visibility":"","ast-main-header-display":"","ast-hfb-above-header-display":"","ast-hfb-below-header-display":"","ast-hfb-mobile-header-display":"","site-post-title":"disabled","ast-breadcrumbs-content":"","ast-featured-img":"disabled","footer-sml-layout":"","ast-disable-related-posts":"","theme-transparent-header-meta":"default","adv-header-id-meta":"","stick-header-meta":"default","header-above-stick-meta":"","header-main-stick-meta":"","header-below-stick-meta":"","astra-migrate-meta-layouts":"default","ast-page-background-enabled":"default","ast-page-background-meta":{"desktop":{"background-color":"","background-image":"","background-repeat":"repeat","background-position":"center center","background-size":"auto","background-attachment":"scroll","background-type":"","background-media":"","overlay-type":"","overlay-color":"","overlay-opacity":"","overlay-gradient":""},"tablet":{"background-color":"","background-image":"","background-repeat":"repeat","background-position":"center center","background-size":"auto","background-attachment":"scroll","background-type":"","background-media":"","overlay-type":"","overlay-color":"","overlay-opacity":"","overlay-gradient":""},"mobile":{"background-color":"","background-image":"","background-repeat":"repeat","background-position":"center center","background-size":"auto","background-attachment":"scroll","background-type":"","background-media":"","overlay-type":"","overlay-color":"","overlay-opacity":"","overlay-gradient":""}},"ast-content-background-meta":{"desktop":{"background-color":"var(--ast-global-color-5)","background-image":"","background-repeat":"repeat","background-position":"center center","background-size":"auto","background-attachment":"scroll","background-type":"","background-media":"","overlay-type":"","overlay-color":"","overlay-opacity":"","overlay-gradient":""},"tablet":{"background-color":"var(--ast-global-color-5)","background-image":"","background-repeat":"repeat","background-position":"center center","background-size":"auto","background-attachment":"scroll","background-type":"","background-media":"","overlay-type":"","overlay-color":"","overlay-opacity":"","overlay-gradient":""},"mobile":{"background-color":"var(--ast-global-color-5)","background-image":"","background-repeat":"repeat","background-position":"center center","background-size":"auto","background-attachment":"scroll","background-type":"","background-media":"","overlay-type":"","overlay-color":"","overlay-opacity":"","overlay-gradient":""}},"footnotes":""},"class_list":["post-1845","page","type-page","status-publish","hentry"],"yoast_head":"<!-- This site is optimized with the Yoast SEO plugin v24.4 - https:\/\/yoast.com\/wordpress\/plugins\/seo\/ -->\n<title>Home - Barcelona City CENTRE<\/title>\n<meta name=\"robots\" content=\"index, follow, max-snippet:-1, max-image-preview:large, max-video-preview:-1\" \/>\n<link rel=\"canonical\" href=\"https:\/\/barcelonacitycentre.com\/\" \/>\n<meta property=\"og:locale\" content=\"ca_ES\" \/>\n<meta property=\"og:type\" content=\"article\" \/>\n<meta property=\"og:title\" content=\"Home - Barcelona City CENTRE\" \/>\n<meta property=\"og:description\" content=\"BARCELONA CITY CENTRE HOSTAL Benvingut al Barcelona City Centre! C\/ Balmes, 60, entlo. L&#8217;hostal Barcelona City Centre es troba en un enclavament privilegiat de Barcelona que us permetr\u00e0 estar a un pas de tot. Un allotjament al centre de Barcelona. A nom\u00e9s tres carrers de la Pla\u00e7a Catalunya, la Rambla o el barri g\u00f2tic; a [&hellip;]\" \/>\n<meta property=\"og:url\" content=\"https:\/\/barcelonacitycentre.com\/\" \/>\n<meta property=\"og:site_name\" content=\"Barcelona City CENTRE\" \/>\n<meta property=\"article:modified_time\" content=\"2023-02-21T16:34:45+00:00\" \/>\n<meta property=\"og:image\" content=\"http:\/\/barcelonacitycentre.com\/wp-content\/uploads\/2020\/04\/barcelona_city_centre_hostal-5.jpg\" \/>\n<meta name=\"twitter:card\" content=\"summary_large_image\" \/>\n<meta name=\"twitter:label1\" content=\"Temps estimat de lectura\" \/>\n\t<meta name=\"twitter:data1\" content=\"1 minut\" \/>\n<script type=\"application\/ld+json\" class=\"yoast-schema-graph\">{\"@context\":\"https:\/\/schema.org\",\"@graph\":[{\"@type\":\"WebPage\",\"@id\":\"https:\/\/barcelonacitycentre.com\/\",\"url\":\"https:\/\/barcelonacitycentre.com\/\",\"name\":\"Home - Barcelona City CENTRE\",\"isPartOf\":{\"@id\":\"https:\/\/barcelonacitycentre.com\/#website\"},\"primaryImageOfPage\":{\"@id\":\"https:\/\/barcelonacitycentre.com\/#primaryimage\"},\"image\":{\"@id\":\"https:\/\/barcelonacitycentre.com\/#primaryimage\"},\"thumbnailUrl\":\"http:\/\/barcelonacitycentre.com\/wp-content\/uploads\/2020\/04\/barcelona_city_centre_hostal-5.jpg\",\"datePublished\":\"2023-02-21T16:22:21+00:00\",\"dateModified\":\"2023-02-21T16:34:45+00:00\",\"breadcrumb\":{\"@id\":\"https:\/\/barcelonacitycentre.com\/#breadcrumb\"},\"inLanguage\":\"ca\",\"potentialAction\":[{\"@type\":\"ReadAction\",\"target\":[\"https:\/\/barcelonacitycentre.com\/\"]}]},{\"@type\":\"ImageObject\",\"inLanguage\":\"ca\",\"@id\":\"https:\/\/barcelonacitycentre.com\/#primaryimage\",\"url\":\"http:\/\/barcelonacitycentre.com\/wp-content\/uploads\/2020\/04\/barcelona_city_centre_hostal-5.jpg\",\"contentUrl\":\"http:\/\/barcelonacitycentre.com\/wp-content\/uploads\/2020\/04\/barcelona_city_centre_hostal-5.jpg\"},{\"@type\":\"BreadcrumbList\",\"@id\":\"https:\/\/barcelonacitycentre.com\/#breadcrumb\",\"itemListElement\":[{\"@type\":\"ListItem\",\"position\":1,\"name\":\"Portada\",\"item\":\"https:\/\/barcelonacitycentre.com\/\"},{\"@type\":\"ListItem\",\"position\":2,\"name\":\"Home\"}]},{\"@type\":\"WebSite\",\"@id\":\"https:\/\/barcelonacitycentre.com\/#website\",\"url\":\"https:\/\/barcelonacitycentre.com\/\",\"name\":\"Barcelona City CENTRE\",\"description\":\"by BCN City Hotels\",\"publisher\":{\"@id\":\"https:\/\/barcelonacitycentre.com\/#organization\"},\"potentialAction\":[{\"@type\":\"SearchAction\",\"target\":{\"@type\":\"EntryPoint\",\"urlTemplate\":\"https:\/\/barcelonacitycentre.com\/?s={search_term_string}\"},\"query-input\":{\"@type\":\"PropertyValueSpecification\",\"valueRequired\":true,\"valueName\":\"search_term_string\"}}],\"inLanguage\":\"ca\"},{\"@type\":\"Organization\",\"@id\":\"https:\/\/barcelonacitycentre.com\/#organization\",\"name\":\"Barcelona City CENTRE\",\"url\":\"https:\/\/barcelonacitycentre.com\/\",\"logo\":{\"@type\":\"ImageObject\",\"inLanguage\":\"ca\",\"@id\":\"https:\/\/barcelonacitycentre.com\/#\/schema\/logo\/image\/\",\"url\":\"https:\/\/barcelonacitycentre.com\/wp-content\/uploads\/2023\/02\/cropped-centre.jpg\",\"contentUrl\":\"https:\/\/barcelonacitycentre.com\/wp-content\/uploads\/2023\/02\/cropped-centre.jpg\",\"width\":954,\"height\":228,\"caption\":\"Barcelona City CENTRE\"},\"image\":{\"@id\":\"https:\/\/barcelonacitycentre.com\/#\/schema\/logo\/image\/\"}}]}<\/script>\n<!-- \/ Yoast SEO plugin. -->","yoast_head_json":{"title":"Home - Barcelona City CENTRE","robots":{"index":"index","follow":"follow","max-snippet":"max-snippet:-1","max-image-preview":"max-image-preview:large","max-video-preview":"max-video-preview:-1"},"canonical":"https:\/\/barcelonacitycentre.com\/","og_locale":"ca_ES","og_type":"article","og_title":"Home - Barcelona City CENTRE","og_description":"BARCELONA CITY CENTRE HOSTAL Benvingut al Barcelona City Centre! C\/ Balmes, 60, entlo. L&#8217;hostal Barcelona City Centre es troba en un enclavament privilegiat de Barcelona que us permetr\u00e0 estar a un pas de tot. Un allotjament al centre de Barcelona. A nom\u00e9s tres carrers de la Pla\u00e7a Catalunya, la Rambla o el barri g\u00f2tic; a [&hellip;]","og_url":"https:\/\/barcelonacitycentre.com\/","og_site_name":"Barcelona City CENTRE","article_modified_time":"2023-02-21T16:34:45+00:00","og_image":[{"url":"http:\/\/barcelonacitycentre.com\/wp-content\/uploads\/2020\/04\/barcelona_city_centre_hostal-5.jpg","type":"","width":"","height":""}],"twitter_card":"summary_large_image","twitter_misc":{"Temps estimat de lectura":"1 minut"},"schema":{"@context":"https:\/\/schema.org","@graph":[{"@type":"WebPage","@id":"https:\/\/barcelonacitycentre.com\/","url":"https:\/\/barcelonacitycentre.com\/","name":"Home - Barcelona City CENTRE","isPartOf":{"@id":"https:\/\/barcelonacitycentre.com\/#website"},"primaryImageOfPage":{"@id":"https:\/\/barcelonacitycentre.com\/#primaryimage"},"image":{"@id":"https:\/\/barcelonacitycentre.com\/#primaryimage"},"thumbnailUrl":"http:\/\/barcelonacitycentre.com\/wp-content\/uploads\/2020\/04\/barcelona_city_centre_hostal-5.jpg","datePublished":"2023-02-21T16:22:21+00:00","dateModified":"2023-02-21T16:34:45+00:00","breadcrumb":{"@id":"https:\/\/barcelonacitycentre.com\/#breadcrumb"},"inLanguage":"ca","potentialAction":[{"@type":"ReadAction","target":["https:\/\/barcelonacitycentre.com\/"]}]},{"@type":"ImageObject","inLanguage":"ca","@id":"https:\/\/barcelonacitycentre.com\/#primaryimage","url":"http:\/\/barcelonacitycentre.com\/wp-content\/uploads\/2020\/04\/barcelona_city_centre_hostal-5.jpg","contentUrl":"http:\/\/barcelonacitycentre.com\/wp-content\/uploads\/2020\/04\/barcelona_city_centre_hostal-5.jpg"},{"@type":"BreadcrumbList","@id":"https:\/\/barcelonacitycentre.com\/#breadcrumb","itemListElement":[{"@type":"ListItem","position":1,"name":"Portada","item":"https:\/\/barcelonacitycentre.com\/"},{"@type":"ListItem","position":2,"name":"Home"}]},{"@type":"WebSite","@id":"https:\/\/barcelonacitycentre.com\/#website","url":"https:\/\/barcelonacitycentre.com\/","name":"Barcelona City CENTRE","description":"by BCN City Hotels","publisher":{"@id":"https:\/\/barcelonacitycentre.com\/#organization"},"potentialAction":[{"@type":"SearchAction","target":{"@type":"EntryPoint","urlTemplate":"https:\/\/barcelonacitycentre.com\/?s={search_term_string}"},"query-input":{"@type":"PropertyValueSpecification","valueRequired":true,"valueName":"search_term_string"}}],"inLanguage":"ca"},{"@type":"Organization","@id":"https:\/\/barcelonacitycentre.com\/#organization","name":"Barcelona City CENTRE","url":"https:\/\/barcelonacitycentre.com\/","logo":{"@type":"ImageObject","inLanguage":"ca","@id":"https:\/\/barcelonacitycentre.com\/#\/schema\/logo\/image\/","url":"https:\/\/barcelonacitycentre.com\/wp-content\/uploads\/2023\/02\/cropped-centre.jpg","contentUrl":"https:\/\/barcelonacitycentre.com\/wp-content\/uploads\/2023\/02\/cropped-centre.jpg","width":954,"height":228,"caption":"Barcelona City CENTRE"},"image":{"@id":"https:\/\/barcelonacitycentre.com\/#\/schema\/logo\/image\/"}}]}},"_links":{"self":[{"href":"https:\/\/barcelonacitycentre.com\/ca\/wp-json\/wp\/v2\/pages\/1845","targetHints":{"allow":["GET"]}}],"collection":[{"href":"https:\/\/barcelonacitycentre.com\/ca\/wp-json\/wp\/v2\/pages"}],"about":[{"href":"https:\/\/barcelonacitycentre.com\/ca\/wp-json\/wp\/v2\/types\/page"}],"author":[{"embeddable":true,"href":"https:\/\/barcelonacitycentre.com\/ca\/wp-json\/wp\/v2\/users\/2"}],"replies":[{"embeddable":true,"href":"https:\/\/barcelonacitycentre.com\/ca\/wp-json\/wp\/v2\/comments?post=1845"}],"version-history":[{"count":0,"href":"https:\/\/barcelonacitycentre.com\/ca\/wp-json\/wp\/v2\/pages\/1845\/revisions"}],"wp:attachment":[{"href":"https:\/\/barcelonacitycentre.com\/ca\/wp-json\/wp\/v2\/media?parent=1845"}],"curies":[{"name":"wp","href":"https:\/\/api.w.org\/{rel}","templated":true}]}}